{"id":7,"date":"2020-01-26T18:37:23","date_gmt":"2020-01-26T17:37:23","guid":{"rendered":"https:\/\/commeunsixiemesens.fr\/?page_id=7"},"modified":"2022-10-13T20:43:12","modified_gmt":"2022-10-13T18:43:12","slug":"accueil","status":"publish","type":"page","link":"https:\/\/commeunsixiemesens.fr\/","title":{"rendered":"Accueil"},"content":{"rendered":"\n<div class=\"wp-block-group\"><div class=\"wp-block-group__inner-container is-layout-flow wp-block-group-is-layout-flow\">\n<h2>Bien-\u00eatre et d\u00e9tente<\/h2>\n<h3 style=\"text-align: left;\">Les soins s\u2019adressent aux b\u00e9b\u00e9s\/enfants et aux adultes.<\/h3>\n<p>Les prestations se font uniquement au centre Inaya \u00e0 G\u00e9menos.<\/p>\n<p>Les massages et soins \u00e9nerg\u00e9tiques ne visent pas \u00e0 remplacer et ne dispensent pas d\u2019un traitement m\u00e9dical, il s\u2019agit d\u2019une th\u00e9rapie compl\u00e9mentaire.<\/p>\n<\/div><\/div>\n\n\n\n<p><\/p>\n","protected":false},"excerpt":{"rendered":"<p>Bien-\u00eatre et d\u00e9tente Les soins s\u2019adressent aux b\u00e9b\u00e9s\/enfants et aux adultes. Les prestations se font uniquement au centre Inaya \u00e0 G\u00e9menos. Les massages et soins \u00e9nerg\u00e9tiques ne visent pas \u00e0 remplacer et ne dispensent pas d\u2019un traitement m\u00e9dical, il s\u2019agit d\u2019une th\u00e9rapie compl\u00e9mentaire.<\/p>\n","protected":false},"author":1,"featured_media":0,"parent":0,"menu_order":0,"comment_status":"closed","ping_status":"closed","template":"","meta":{"_mi_skip_tracking":false,"_themeisle_gutenberg_block_has_review":false,"footnotes":""},"class_list":["post-7","page","type-page","status-publish","hentry"],"_links":{"self":[{"href":"https:\/\/commeunsixiemesens.fr\/index.php\/wp-json\/wp\/v2\/pages\/7"}],"collection":[{"href":"https:\/\/commeunsixiemesens.fr\/index.php\/wp-json\/wp\/v2\/pages"}],"about":[{"href":"https:\/\/commeunsixiemesens.fr\/index.php\/wp-json\/wp\/v2\/types\/page"}],"author":[{"embeddable":true,"href":"https:\/\/commeunsixiemesens.fr\/index.php\/wp-json\/wp\/v2\/users\/1"}],"replies":[{"embeddable":true,"href":"https:\/\/commeunsixiemesens.fr\/index.php\/wp-json\/wp\/v2\/comments?post=7"}],"version-history":[{"count":12,"href":"https:\/\/commeunsixiemesens.fr\/index.php\/wp-json\/wp\/v2\/pages\/7\/revisions"}],"predecessor-version":[{"id":349,"href":"https:\/\/commeunsixiemesens.fr\/index.php\/wp-json\/wp\/v2\/pages\/7\/revisions\/349"}],"wp:attachment":[{"href":"https:\/\/commeunsixiemesens.fr\/index.php\/wp-json\/wp\/v2\/media?parent=7"}],"curies":[{"name":"wp","href":"https:\/\/api.w.org\/{rel}","templated":true}]}}